{"id":1620,"date":"2020-03-02T14:15:38","date_gmt":"2020-03-02T14:15:38","guid":{"rendered":"https:\/\/demo2.madrasthemes.com\/cartzilla\/?page_id=3"},"modified":"2020-03-02T14:15:38","modified_gmt":"2020-03-02T14:15:38","slug":"privacy-policy-2","status":"publish","type":"page","link":"https:\/\/cargopirate.com\/fr_fr\/privacy-policy-2\/","title":{"rendered":"Privacy Policy"},"content":{"rendered":"<h4 class=\"mt-5 wp-block-heading\">Introduction<\/h4>\n\n\n\n<p>Merci d'utiliser nos produits et services (\u201c Services \u201d). Les Services sont fournis par Madrasthemes. (\u201c Cartzilla \u201d), situ\u00e9 au 153 Williamson Plaza, Maggieberg, MT 09514, Angleterre, Royaume-Uni.<\/p>\n\n\n\n<p>En utilisant nos Services, vous acceptez ces conditions. Veuillez les lire attentivement.<\/p>\n\n\n\n<p>Nos Services sont tr\u00e8s diversifi\u00e9s, aussi parfois des conditions suppl\u00e9mentaires ou des exigences relatives aux produits (y compris les exigences d'\u00e2ge) peuvent s'appliquer. Les conditions suppl\u00e9mentaires seront disponibles avec les Services pertinents, et ces conditions suppl\u00e9mentaires font partie de votre accord avec nous si vous utilisez ces Services.<\/p>\n\n\n\n<h4 class=\"wp-block-heading\">En utilisant nos services<\/h4>\n\n\n\n<p>Vous devez respecter toutes les politiques mises \u00e0 votre disposition dans les Services.<\/p>\n\n\n\n<p>N'utilisez pas nos Services \u00e0 mauvais escient. Par exemple, n'interf\u00e9rez pas avec nos Services et n'essayez pas d'y acc\u00e9der par une m\u00e9thode autre que l'interface et les instructions que nous fournissons. Vous ne pouvez utiliser nos Services que dans la mesure autoris\u00e9e par la loi, y compris les lois et r\u00e9glementations applicables en mati\u00e8re de contr\u00f4le des exportations et des r\u00e9exportations. Nous pouvons suspendre ou cesser de vous fournir nos Services si vous ne respectez pas nos conditions ou politiques ou si nous enqu\u00eatons sur un comportement suspect\u00e9.<\/p>\n\n\n\n<p>L'utilisation de nos Services ne vous conf\u00e8re aucun droit de propri\u00e9t\u00e9 sur les droits de propri\u00e9t\u00e9 intellectuelle de nos Services ou du contenu auquel vous acc\u00e9dez. Vous ne pouvez pas utiliser le contenu de nos Services, sauf si vous obtenez l'autorisation de son propri\u00e9taire ou si la loi vous le permet autrement. Ces conditions ne vous accordent pas le droit d'utiliser d'images de marque ou de logos utilis\u00e9s dans nos Services. Ne supprimez pas, ne masquez pas et ne modifiez pas les avis l\u00e9gaux affich\u00e9s dans nos Services ou qui les accompagnent.<\/p>\n\n\n\n<h4 class=\"wp-block-heading\">Protection de la vie priv\u00e9e et des droits d'auteur<\/h4>\n\n\n\n<p>Les politiques de confidentialit\u00e9 de Cartzilla expliquent comment nous traitons vos donn\u00e9es personnelles et prot\u00e9geons votre vie priv\u00e9e lorsque vous utilisez nos Services. En utilisant nos Services, vous acceptez que Cartzilla puisse utiliser ces donn\u00e9es conform\u00e9ment \u00e0 nos politiques de confidentialit\u00e9.<\/p>\n\n\n\n<p>Nous r\u00e9pondons aux notifications de violation pr\u00e9sum\u00e9e du droit d'auteur et nous r\u00e9silions les comptes des contrevenants r\u00e9cidivistes conform\u00e9ment au processus \u00e9tabli par le Digital Millennium Copyright Act am\u00e9ricain.<\/p>\n\n\n\n<p>Nous fournissons des informations pour aider les titulaires de droits d'auteur \u00e0 g\u00e9rer leur propri\u00e9t\u00e9 intellectuelle en ligne. Si vous pensez que quelqu'un viole vos droits d'auteur et que vous souhaitez nous en informer, vous trouverez des informations sur la soumission de notifications et la politique de Cartzilla concernant la r\u00e9ponse aux notifications dans&nbsp;<a href=\"https:\/\/demo2.madrasthemes.com\/cartzilla\/help-center\/\">notre Centre d'aide<\/a>.<\/p>\n\n\n\n<h4 class=\"wp-block-heading\">Votre contenu dans nos services<\/h4>\n\n\n\n<p>Certains de nos Services vous permettent de t\u00e9l\u00e9charger, soumettre, stocker, envoyer ou recevoir du contenu. Vous conservez la propri\u00e9t\u00e9 de tous les droits de propri\u00e9t\u00e9 intellectuelle que vous d\u00e9tenez sur ce contenu. En bref, ce qui vous appartient reste \u00e0 vous.<\/p>\n\n\n\n<p class=\"mb-5\">Lorsque vous t\u00e9l\u00e9chargez, soumettez, stockez, envoyez ou recevez du contenu vers ou \u00e0 travers nos services, vous donnez \u00e0 Cartzilla (et \u00e0 ceux avec qui nous travaillons) une licence mondiale pour utiliser, h\u00e9berger, stocker, reproduire, modifier, cr\u00e9er des \u0153uvres d\u00e9riv\u00e9es (telles que celles r\u00e9sultant de traductions, d'adaptations ou d'autres changements que nous faisons pour que votre contenu fonctionne mieux avec nos services), communiquer, publier, ex\u00e9cuter publiquement, afficher publiquement et distribuer ce contenu. Les droits que vous accordez dans le cadre de cette licence sont limit\u00e9s \u00e0 l'exploitation, \u00e0 la promotion et \u00e0 l'am\u00e9lioration de nos services, ainsi qu'au d\u00e9veloppement de nouveaux services. Cette licence continue m\u00eame si vous cessez d'utiliser nos services (par exemple, pour une liste d'entreprises que vous avez ajout\u00e9e \u00e0 Cartzilla Maps). Certains services peuvent vous offrir des moyens d'acc\u00e9der et de supprimer le contenu qui a \u00e9t\u00e9 fourni \u00e0 ce service. De plus, certains de nos services contiennent des conditions ou des param\u00e8tres qui limitent la port\u00e9e de notre utilisation du contenu soumis dans ces services. Assurez-vous que vous disposez des droits n\u00e9cessaires pour nous accorder cette licence pour tout contenu que vous soumettez \u00e0 nos services.<\/p>","protected":false},"excerpt":{"rendered":"<p>Introduction Thanks for using our products and services (\u201cServices\u201d). The Services are provided by Madrasthemes. (\u201cCartzilla\u201d), located at 153 Williamson Plaza, Maggieberg, MT 09514, England, United Kingdom. By using our Services, you are agreeing to these terms. Please read them carefully. Our Services are very diverse, so sometimes additional terms or product requirements (including age [&#8230;]\n","protected":false},"author":2,"featured_media":0,"parent":0,"menu_order":0,"comment_status":"closed","ping_status":"open","template":"","meta":{"_acf_changed":false,"footnotes":""},"class_list":["post-1620","page","type-page","status-publish","hentry"],"acf":[],"_links":{"self":[{"href":"https:\/\/cargopirate.com\/fr_fr\/wp-json\/wp\/v2\/pages\/1620","targetHints":{"allow":["GET"]}}],"collection":[{"href":"https:\/\/cargopirate.com\/fr_fr\/wp-json\/wp\/v2\/pages"}],"about":[{"href":"https:\/\/cargopirate.com\/fr_fr\/wp-json\/wp\/v2\/types\/page"}],"author":[{"embeddable":true,"href":"https:\/\/cargopirate.com\/fr_fr\/wp-json\/wp\/v2\/users\/2"}],"replies":[{"embeddable":true,"href":"https:\/\/cargopirate.com\/fr_fr\/wp-json\/wp\/v2\/comments?post=1620"}],"version-history":[{"count":0,"href":"https:\/\/cargopirate.com\/fr_fr\/wp-json\/wp\/v2\/pages\/1620\/revisions"}],"wp:attachment":[{"href":"https:\/\/cargopirate.com\/fr_fr\/wp-json\/wp\/v2\/media?parent=1620"}],"curies":[{"name":"wp","href":"https:\/\/api.w.org\/{rel}","templated":true}]}}