{"id":21154,"date":"2024-07-31T10:31:05","date_gmt":"2024-07-31T10:31:05","guid":{"rendered":"https:\/\/cargopirate.com\/?page_id=21154"},"modified":"2024-07-31T10:31:05","modified_gmt":"2024-07-31T10:31:05","slug":"pre-order-monster-energy-ftl","status":"publish","type":"page","link":"https:\/\/cargopirate.com\/es\/pre-order-monster-energy-ftl\/","title":{"rendered":"Reserva Monster Energy FTL"},"content":{"rendered":"<div class=\"banner has-hover\" id=\"banner-79697181\">\n          <div class=\"banner-inner fill\">\n        <div class=\"banner-bg fill\" >\n            <div class=\"bg fill bg-fill bg-loaded\"><\/div>\n                        <div class=\"overlay\"><\/div>            \n                    <\/div>\n\t\t\n        <div class=\"banner-layers container\">\n            <div class=\"fill banner-link\"><\/div>            \n\n   <div id=\"text-box-813433536\" class=\"text-box banner-layer x70 md-x70 lg-x70 y50 md-y50 lg-y50 res-text\">\n                                <div class=\"text-box-content text dark\">\n              \n              <div class=\"text-inner text-center\">\n                  \n\n<h3 class=\"uppercase\" style=\"font-size: 300%;\"><span style=\"color: #ffffff; font-size: 75%; font-family: emirates-bold-v;\">MONSTER ENERGY<br \/>CAMI\u00d3N MEZCLADOR DE LA UE<\/span><\/h3>\n<h3><span style=\"color: #ffff00; font-size: 75%;\">Llegada a Bruselas en:<\/span><\/h3>\n<div id=\"timer-1229087953\" class=\"ux-timer dark\" data-text-plural=\"s\" data-text-hour=\"hour\" data-text-day=\"day\" data-text-week=\"week\" data-text-min=\"min\" data-text-sec=\"sec\" data-text-hour-p=\"\" data-text-day-p=\"\" data-text-week-p=\"\" data-text-min-p=\"\" data-text-sec-p=\"\" data-countdown=\"2024\/08\/08 18:00\"><span>&nbsp;<div class=\"loading-spin dark centered\"><\/div><strong>&nbsp;<\/strong><\/span><\/div>\n<style>\n#timer-1229087953 {\n  font-size: 216%;\n}\n#timer-1229087953 span {\n  background-color: #5d1587;\n}\n<\/style>\n\n\n\n              <\/div>\n           <\/div>\n                            \n<style>\n#text-box-813433536 {\n  width: 38%;\n}\n#text-box-813433536 .text-box-content {\n  font-size: 100%;\n}\n<\/style>\n    <\/div>\n \n\t<div class=\"img has-hover x0 md-x0 lg-x0 y100 md-y100 lg-y100\" id=\"image_1936004890\">\n\t\t\t\t\t\t\t\t<div class=\"img-inner dark\" >\n\t\t\t<img loading=\"lazy\" decoding=\"async\" width=\"1007\" height=\"528\" src=\"https:\/\/cargopirate.com\/wp-content\/uploads\/2024\/06\/CargoPirate.com_-5.png\" class=\"attachment-large size-large\" alt=\"\" srcset=\"https:\/\/cargopirate.com\/wp-content\/uploads\/2024\/06\/CargoPirate.com_-5.png 1007w, https:\/\/cargopirate.com\/wp-content\/uploads\/2024\/06\/CargoPirate.com_-5-510x267.png 510w, https:\/\/cargopirate.com\/wp-content\/uploads\/2024\/06\/CargoPirate.com_-5-763x400.png 763w, https:\/\/cargopirate.com\/wp-content\/uploads\/2024\/06\/CargoPirate.com_-5-768x403.png 768w, https:\/\/cargopirate.com\/wp-content\/uploads\/2024\/06\/CargoPirate.com_-5-18x9.png 18w\" sizes=\"auto, (max-width: 1007px) 100vw, 1007px\" \/>\t\t\t\t\t\t\n\t\t\t\t\t<\/div>\n\t\t\t\t\t\t\t\t\n<style>\n#image_1936004890 {\n  width: 25%;\n}\n<\/style>\n\t<\/div>\n\t\n\n\t<div class=\"img has-hover x95 md-x95 lg-x95 y90 md-y90 lg-y90\" id=\"image_693388193\">\n\t\t\t\t\t\t\t\t<div class=\"img-inner dark\" >\n\t\t\t<img loading=\"lazy\" decoding=\"async\" width=\"250\" height=\"625\" src=\"https:\/\/cargopirate.com\/wp-content\/uploads\/2024\/07\/f7c37e77-9b5d-46ae-83ee-8d8cd27042b3.png\" class=\"attachment-large size-large\" alt=\"\" srcset=\"https:\/\/cargopirate.com\/wp-content\/uploads\/2024\/07\/f7c37e77-9b5d-46ae-83ee-8d8cd27042b3.png 250w, https:\/\/cargopirate.com\/wp-content\/uploads\/2024\/07\/f7c37e77-9b5d-46ae-83ee-8d8cd27042b3-160x400.png 160w, https:\/\/cargopirate.com\/wp-content\/uploads\/2024\/07\/f7c37e77-9b5d-46ae-83ee-8d8cd27042b3-5x12.png 5w\" sizes=\"auto, (max-width: 250px) 100vw, 250px\" \/>\t\t\t\t\t\t\n\t\t\t\t\t<\/div>\n\t\t\t\t\t\t\t\t\n<style>\n#image_693388193 {\n  width: 11%;\n}\n<\/style>\n\t<\/div>\n\t\n\n\n        <\/div>\n      <\/div>\n\n            \n<style>\n#banner-79697181 {\n  padding-top: 400px;\n}\n#banner-79697181 .bg.bg-loaded {\n  background-image: url(https:\/\/cargopirate.com\/wp-content\/uploads\/2024\/07\/FP-Background-Banners-1400x788.jpg);\n}\n#banner-79697181 .overlay {\n  background-color: rgba(240, 236, 236, 0);\n}\n#banner-79697181 .bg {\n  background-position: 0% 53%;\n}\n<\/style>\n  <\/div>\n\n\n\t<section class=\"section\" id=\"section_1747612959\">\n\t\t<div class=\"bg section-bg fill bg-fill bg-loaded bg-loaded\" >\n\n\t\t\t\n\t\t\t\n\t\t\t\n\n\t\t<\/div>\n\n\t\t\n\n\t\t<div class=\"section-content relative\">\n\t\t\t\n\n\t<div id=\"gap-1354135574\" class=\"gap-element clearfix\" style=\"display:block; height:auto;\">\n\t\t\n<style>\n#gap-1354135574 {\n  padding-top: 30px;\n}\n<\/style>\n\t<\/div>\n\t\n\n\t<div id=\"gap-973968898\" class=\"gap-element clearfix\" style=\"display:block; height:auto;\">\n\t\t\n<style>\n#gap-973968898 {\n  padding-top: 30px;\n}\n<\/style>\n\t<\/div>\n\t\n\n<div class=\"row row-large\"  id=\"row-1410637940\">\n\n\n\t<div id=\"col-148401413\" class=\"col medium-12 small-12 large-6\"  >\n\t\t\t\t<div class=\"col-inner\"  >\n\t\t\t\n\t\t\t\n\n\t<div id=\"text-2619259301\" class=\"text\">\n\t\t\n\n<h2><span style=\"font-size: 90%;\">\u00bfListo para robar la carga?<\/span><\/h2>\n\t\t\n<style>\n#text-2619259301 {\n  font-size: 1.5rem;\n}\n<\/style>\n\t<\/div>\n\t\n<p><span style=\"font-size: 120%;\">Tenemos el orgullo de presentar el cami\u00f3n entrante de \u2018Monster Energy EU\u2019 con llegada el 08\/08\/2024 a Bruselas. \u00a1Descubre y reserva las bebidas \u2018Monster Energy\u2019 m\u00e1s de moda del momento! Para compras al por mayor, por favor, contacte con nuestro departamento de ventas a continuaci\u00f3n.<\/span><\/p>\n<a href=\"https:\/\/cargopirate.com\/es\/contacteer-ons\/\" class=\"button primary\"  style=\"border-radius:8px;\">\n  <i class=\"icon-whatsapp\" aria-hidden=\"true\" ><\/i>  <span>Cont\u00e1ctanos para todas tus dudas<\/span>\n  <\/a>\n\n\n\n\t\t<\/div>\n\t\t\t\t\t<\/div>\n\n\t\n\n\t<div id=\"col-712555015\" class=\"col medium-12 small-12 large-6\"  >\n\t\t\t\t<div class=\"col-inner\"  >\n\t\t\t\n\t\t\t\n\n\n\t\t<div class=\"icon-box featured-box icon-box-left text-left\"  >\n\t\t\t\t\t<div class=\"icon-box-img\" style=\"width: 50px\">\n\t\t\t\t<div class=\"icon\">\n\t\t\t\t\t<div class=\"icon-inner\" >\n\t\t\t\t\t\t<img loading=\"lazy\" decoding=\"async\" width=\"256\" height=\"256\" src=\"https:\/\/cargopirate.com\/wp-content\/uploads\/2024\/06\/checkmark-flat.png\" class=\"attachment-medium size-medium\" alt=\"\" srcset=\"https:\/\/cargopirate.com\/wp-content\/uploads\/2024\/06\/checkmark-flat.png 256w, https:\/\/cargopirate.com\/wp-content\/uploads\/2024\/06\/checkmark-flat-100x100.png 100w, https:\/\/cargopirate.com\/wp-content\/uploads\/2024\/06\/checkmark-flat-12x12.png 12w\" sizes=\"auto, (max-width: 256px) 100vw, 256px\" \/>\t\t\t\t\t<\/div>\n\t\t\t\t<\/div>\n\t\t\t<\/div>\n\t\t\t\t<div class=\"icon-box-text last-reset\">\n\t\t\t\t\t\t\t\t\t\n\n<h3>\u00a1Cami\u00f3n validado!<\/h3>\n<p><span style=\"font-size: 110%;\">Este cami\u00f3n ha sido revisado en cuanto a calidad, cantidades y fechas de caducidad.<\/span><\/p>\n\n\t\t<\/div>\n\t<\/div>\n\t\n\t\n\t<div id=\"gap-938008751\" class=\"gap-element clearfix\" style=\"display:block; height:auto;\">\n\t\t\n<style>\n#gap-938008751 {\n  padding-top: 30px;\n}\n<\/style>\n\t<\/div>\n\t\n\n\n\t\t<div class=\"icon-box featured-box icon-box-left text-left\"  >\n\t\t\t\t\t<div class=\"icon-box-img\" style=\"width: 50px\">\n\t\t\t\t<div class=\"icon\">\n\t\t\t\t\t<div class=\"icon-inner\" >\n\t\t\t\t\t\t<img loading=\"lazy\" decoding=\"async\" width=\"256\" height=\"256\" src=\"https:\/\/cargopirate.com\/wp-content\/uploads\/2024\/06\/checkmark-flat.png\" class=\"attachment-medium size-medium\" alt=\"\" srcset=\"https:\/\/cargopirate.com\/wp-content\/uploads\/2024\/06\/checkmark-flat.png 256w, https:\/\/cargopirate.com\/wp-content\/uploads\/2024\/06\/checkmark-flat-100x100.png 100w, https:\/\/cargopirate.com\/wp-content\/uploads\/2024\/06\/checkmark-flat-12x12.png 12w\" sizes=\"auto, (max-width: 256px) 100vw, 256px\" \/>\t\t\t\t\t<\/div>\n\t\t\t\t<\/div>\n\t\t\t<\/div>\n\t\t\t\t<div class=\"icon-box-text last-reset\">\n\t\t\t\t\t\t\t\t\t\n\n<h4>\u00a1Llegada 08\/08\/2024!<\/h4>\n<p><span style=\"font-size: 110%;\">\u00a1Reserva tus art\u00edculos deseados y s\u00e9 el primero en brillar con estos art\u00edculos de moda!<\/span><\/p>\n\n\t\t<\/div>\n\t<\/div>\n\t\n\t\n\t<div id=\"gap-1772199157\" class=\"gap-element clearfix\" style=\"display:block; height:auto;\">\n\t\t\n<style>\n#gap-1772199157 {\n  padding-top: 30px;\n}\n<\/style>\n\t<\/div>\n\t\n\n\n\t\t<div class=\"icon-box featured-box icon-box-left text-left\"  >\n\t\t\t\t\t<div class=\"icon-box-img\" style=\"width: 50px\">\n\t\t\t\t<div class=\"icon\">\n\t\t\t\t\t<div class=\"icon-inner\" >\n\t\t\t\t\t\t<img loading=\"lazy\" decoding=\"async\" width=\"256\" height=\"256\" src=\"https:\/\/cargopirate.com\/wp-content\/uploads\/2024\/06\/checkmark-flat.png\" class=\"attachment-medium size-medium\" alt=\"\" srcset=\"https:\/\/cargopirate.com\/wp-content\/uploads\/2024\/06\/checkmark-flat.png 256w, https:\/\/cargopirate.com\/wp-content\/uploads\/2024\/06\/checkmark-flat-100x100.png 100w, https:\/\/cargopirate.com\/wp-content\/uploads\/2024\/06\/checkmark-flat-12x12.png 12w\" sizes=\"auto, (max-width: 256px) 100vw, 256px\" \/>\t\t\t\t\t<\/div>\n\t\t\t\t<\/div>\n\t\t\t<\/div>\n\t\t\t\t<div class=\"icon-box-text last-reset\">\n\t\t\t\t\t\t\t\t\t\n\n<h4>ej. precios de trabajos<\/h4>\n<p><span style=\"font-size: 110%;\">\u00a1Todos los precios son ex.works desde nuestro almac\u00e9n en B\u00e9lgica!<\/span><\/p>\n\n\t\t<\/div>\n\t<\/div>\n\t\n\t\n\n\t\t<\/div>\n\t\t\t\t\t<\/div>\n\n\t\n\n<\/div>\n\t<div id=\"gap-454293372\" class=\"gap-element clearfix\" style=\"display:block; height:auto;\">\n\t\t\n<style>\n#gap-454293372 {\n  padding-top: 30px;\n}\n<\/style>\n\t<\/div>\n\t\n\n\n\t\t<\/div>\n\n\t\t\n<style>\n#section_1747612959 {\n  padding-top: 30px;\n  padding-bottom: 30px;\n  background-color: rgba(235, 219, 219, 0.302);\n}\n<\/style>\n\t<\/section>\n\t\n\n  <div class=\"banner has-hover\" id=\"banner-1944969341\">\n          <div class=\"banner-inner fill\">\n        <div class=\"banner-bg fill\" >\n            <div class=\"bg fill bg-fill bg-loaded\"><\/div>\n                                    \n                    <\/div>\n\t\t\n        <div class=\"banner-layers container\">\n            <div class=\"fill banner-link\"><\/div>            \n\n   <div id=\"text-box-400126929\" class=\"text-box banner-layer x50 md-x50 lg-x50 y50 md-y50 lg-y50 res-text\">\n                                <div class=\"text-box-content text dark\">\n              \n              <div class=\"text-inner text-center\">\n                  \n\n<h2 class=\"uppercase\" style=\"text-align: center;\"><span style=\"font-family: emirates-bold-v; color: #ffffff; font-size: 80%;\"><strong>\u00bfLISTO PARA ROBAR LA CARGA?<\/strong><\/span><\/h2>\n<h3 class=\"uppercase\" style=\"text-align: center;\"><span style=\"font-family: emirates-bold-v; color: #ffffff;\"><span style=\"font-size: 75%;\"><b>\u00a1Descubre el stock disponible y pre-ordena ahora!<\/b><\/span><\/span><\/h3>\n\n              <\/div>\n           <\/div>\n                            \n<style>\n#text-box-400126929 {\n  width: 70%;\n}\n#text-box-400126929 .text-box-content {\n  font-size: 100%;\n}\n<\/style>\n    <\/div>\n \n\n        <\/div>\n      <\/div>\n\n            \n<style>\n#banner-1944969341 {\n  padding-top: 140px;\n  background-color: rgb(93, 21, 135);\n}\n<\/style>\n  <\/div>\n\n\n\t<div id=\"gap-1674856157\" class=\"gap-element clearfix\" style=\"display:block; height:auto;\">\n\t\t\n<style>\n#gap-1674856157 {\n  padding-top: 30px;\n}\n<\/style>\n\t<\/div>\n\t\n\n\t<section class=\"section\" id=\"section_435517988\">\n\t\t<div class=\"bg section-bg fill bg-fill bg-loaded bg-loaded\" >\n\n\t\t\t\n\t\t\t\n\t\t\t\n\n\t\t<\/div>\n\n\t\t\n\n\t\t<div class=\"section-content relative\">\n\t\t\t\n\n\t\n  \n    <div class=\"row  equalize-box large-columns-5 medium-columns-3 small-columns-2 row-small has-shadow row-box-shadow-1\" >\n  <\/div>\n\n\n\t\t<\/div>\n\n\t\t\n<style>\n#section_435517988 {\n  padding-top: 30px;\n  padding-bottom: 30px;\n}\n<\/style>\n\t<\/section>\n\t\n\t<div id=\"gap-1212227722\" class=\"gap-element clearfix\" style=\"display:block; height:auto;\">\n\t\t\n<style>\n#gap-1212227722 {\n  padding-top: 30px;\n}\n<\/style>\n\t<\/div>\n\t\n\n\t<section class=\"section\" id=\"section_435442583\">\n\t\t<div class=\"bg section-bg fill bg-fill bg-loaded bg-loaded\" >\n\n\t\t\t\n\t\t\t\n\t\t\t\n\n\t\t<\/div>\n\n\t\t\n\n\t\t<div class=\"section-content relative\">\n\t\t\t\n\n<div class=\"row row-full-width align-equal align-center\"  id=\"row-406934125\">\n\n\n\t<div id=\"col-1454836478\" class=\"col small-12 large-12\"  >\n\t\t\t\t<div class=\"col-inner text-center\"  >\n\t\t\t\n\t\t\t\n\n<div class=\"slider-wrapper relative\" id=\"slider-1718379451\" >\n    <div class=\"slider slider-nav-circle slider-nav-large slider-nav-light slider-style-normal\"\n        data-flickity-options='{            \"cellAlign\": \"center\",            \"imagesLoaded\": true,            \"lazyLoad\": 1,            \"freeScroll\": false,            \"wrapAround\": true,            \"autoPlay\": 4000,            \"pauseAutoPlayOnHover\" : true,            \"prevNextButtons\": true,            \"contain\" : true,            \"adaptiveHeight\" : true,            \"dragThreshold\" : 10,            \"percentPosition\": true,            \"pageDots\": true,            \"rightToLeft\": false,            \"draggable\": true,            \"selectedAttraction\": 0.1,            \"parallax\" : 0,            \"friction\": 0.6        }'\n        >\n        \n\n\n  <div class=\"banner has-hover\" id=\"banner-93551475\">\n          <div class=\"banner-inner fill\">\n        <div class=\"banner-bg fill\" >\n            <div class=\"bg fill bg-fill bg-loaded\"><\/div>\n                                    \n                    <\/div>\n\t\t\n        <div class=\"banner-layers container\">\n            <div class=\"fill banner-link\"><\/div>            \n\n   <div id=\"text-box-1607431163\" class=\"text-box banner-layer x50 md-x50 lg-x0 y15 md-y50 lg-y50 res-text\">\n                                <div class=\"text-box-content text dark text-shadow-2\">\n              \n              <div class=\"text-inner text-left\">\n                  \n\n\t<div id=\"text-1614510226\" class=\"text\">\n\t\t\n\n<h3 class=\"uppercase\" style=\"text-align: left;\"><span style=\"color: #ffffff; font-size: 100%; font-family: emirates-bold-v;\"><span style=\"font-size: 75%;\"><strong>\u00bfAlguna pregunta sobre esta camioneta?<br \/>\u00a1Cont\u00e1ctanos ahora!<\/strong><\/span><\/span><\/h3>\n\t\t\n<style>\n#text-1614510226 {\n  text-align: left;\n}\n<\/style>\n\t<\/div>\n\t\n\t<div id=\"gap-1425580332\" class=\"gap-element clearfix\" style=\"display:block; height:auto;\">\n\t\t\n<style>\n#gap-1425580332 {\n  padding-top: 10px;\n}\n<\/style>\n\t<\/div>\n\t\n\n<a href=\"https:\/\/cargopirate.com\/es\/contacteer-ons\/\" class=\"button primary\"  style=\"border-radius:8px;\">\n  <i class=\"icon-whatsapp\" aria-hidden=\"true\" ><\/i>  <span>CONT\u00c1CTANOS PARA M\u00c1S INFORMACI\u00d3N<\/span>\n  <\/a>\n\n\n\n              <\/div>\n           <\/div>\n                            \n<style>\n#text-box-1607431163 {\n  width: 88%;\n}\n#text-box-1607431163 .text-box-content {\n  font-size: 100%;\n}\n@media (min-width:550px) {\n  #text-box-1607431163 {\n    width: 83%;\n  }\n}\n@media (min-width:850px) {\n  #text-box-1607431163 {\n    width: 56%;\n  }\n}\n<\/style>\n    <\/div>\n \n\t<div class=\"img has-hover x95 md-x95 lg-x95 y100 md-y100 lg-y100\" id=\"image_1505922733\">\n\t\t\t\t\t\t\t\t<div class=\"img-inner dark\" >\n\t\t\t<img loading=\"lazy\" decoding=\"async\" width=\"1007\" height=\"528\" src=\"https:\/\/cargopirate.com\/wp-content\/uploads\/2024\/06\/CargoPirate.com_-5.png\" class=\"attachment-large size-large\" alt=\"\" srcset=\"https:\/\/cargopirate.com\/wp-content\/uploads\/2024\/06\/CargoPirate.com_-5.png 1007w, https:\/\/cargopirate.com\/wp-content\/uploads\/2024\/06\/CargoPirate.com_-5-510x267.png 510w, https:\/\/cargopirate.com\/wp-content\/uploads\/2024\/06\/CargoPirate.com_-5-763x400.png 763w, https:\/\/cargopirate.com\/wp-content\/uploads\/2024\/06\/CargoPirate.com_-5-768x403.png 768w, https:\/\/cargopirate.com\/wp-content\/uploads\/2024\/06\/CargoPirate.com_-5-18x9.png 18w\" sizes=\"auto, (max-width: 1007px) 100vw, 1007px\" \/>\t\t\t\t\t\t\n\t\t\t\t\t<\/div>\n\t\t\t\t\t\t\t\t\n<style>\n#image_1505922733 {\n  width: 46%;\n}\n<\/style>\n\t<\/div>\n\t\n\n\n        <\/div>\n      <\/div>\n\n            \n<style>\n#banner-93551475 {\n  padding-top: 105%;\n  background-color: rgb(255, 255, 255);\n}\n#banner-93551475 .bg.bg-loaded {\n  background-image: url(https:\/\/cargopirate.com\/wp-content\/uploads\/2024\/07\/FP-Background-Banners-scaled.jpg);\n}\n#banner-93551475 .bg {\n  background-position: 0% 54%;\n}\n@media (min-width:550px) {\n  #banner-93551475 {\n    padding-top: 480px;\n  }\n}\n<\/style>\n  <\/div>\n\n\n\n     <\/div>\n\n     <div class=\"loading-spin dark large centered\"><\/div>\n\n\t<\/div>\n\n\n\n\t\t<\/div>\n\t\t\t\t\n<style>\n#col-1454836478 > .col-inner {\n  margin: -10px -20px -33px -20px;\n}\n<\/style>\n\t<\/div>\n\n\t\n\n\n<style>\n#row-406934125 > .col > .col-inner {\n  border-radius: 11px;\n}\n<\/style>\n<\/div>\n\n\t\t<\/div>\n\n\t\t\n<style>\n#section_435442583 {\n  padding-top: 0px;\n  padding-bottom: 0px;\n  background-color: rgb(255, 255, 255);\n}\n<\/style>\n\t<\/section>","protected":false},"excerpt":{"rendered":"","protected":false},"author":2,"featured_media":0,"parent":0,"menu_order":14,"comment_status":"closed","ping_status":"closed","template":"page-blank.php","meta":{"_acf_changed":false,"footnotes":""},"class_list":["post-21154","page","type-page","status-publish","hentry"],"acf":[],"_links":{"self":[{"href":"https:\/\/cargopirate.com\/es\/wp-json\/wp\/v2\/pages\/21154","targetHints":{"allow":["GET"]}}],"collection":[{"href":"https:\/\/cargopirate.com\/es\/wp-json\/wp\/v2\/pages"}],"about":[{"href":"https:\/\/cargopirate.com\/es\/wp-json\/wp\/v2\/types\/page"}],"author":[{"embeddable":true,"href":"https:\/\/cargopirate.com\/es\/wp-json\/wp\/v2\/users\/2"}],"replies":[{"embeddable":true,"href":"https:\/\/cargopirate.com\/es\/wp-json\/wp\/v2\/comments?post=21154"}],"version-history":[{"count":2,"href":"https:\/\/cargopirate.com\/es\/wp-json\/wp\/v2\/pages\/21154\/revisions"}],"predecessor-version":[{"id":21156,"href":"https:\/\/cargopirate.com\/es\/wp-json\/wp\/v2\/pages\/21154\/revisions\/21156"}],"wp:attachment":[{"href":"https:\/\/cargopirate.com\/es\/wp-json\/wp\/v2\/media?parent=21154"}],"curies":[{"name":"wp","href":"https:\/\/api.w.org\/{rel}","templated":true}]}}