{"id":1620,"date":"2020-03-02T14:15:38","date_gmt":"2020-03-02T14:15:38","guid":{"rendered":"https:\/\/demo2.madrasthemes.com\/cartzilla\/?page_id=3"},"modified":"2020-03-02T14:15:38","modified_gmt":"2020-03-02T14:15:38","slug":"privacy-policy-2","status":"publish","type":"page","link":"https:\/\/cargopirate.com\/es\/privacy-policy-2\/","title":{"rendered":"Privacy Policy"},"content":{"rendered":"<h4 class=\"mt-5 wp-block-heading\">Introducci\u00f3n<\/h4>\n\n\n\n<p>Gracias por usar nuestros productos y servicios (\u201cServicios\u201d). Los Servicios son proporcionados por Madrasthemes. (\u201cCartzilla\u201d), ubicada en 153 Williamson Plaza, Maggieberg, MT 09514, Inglaterra, Reino Unido.<\/p>\n\n\n\n<p>Al usar nuestros Servicios, aceptas estos t\u00e9rminos. Por favor, l\u00e9elos atentamente.<\/p>\n\n\n\n<p>Nuestros Servicios son muy diversos, por lo que a veces pueden aplicarse t\u00e9rminos adicionales o requisitos del producto (incluidos los requisitos de edad). Los t\u00e9rminos adicionales estar\u00e1n disponibles con los Servicios correspondientes, y esos t\u00e9rminos adicionales pasan a formar parte de tu acuerdo con nosotros si utilizas esos Servicios.<\/p>\n\n\n\n<h4 class=\"wp-block-heading\">Usando nuestros servicios<\/h4>\n\n\n\n<p>Debes seguir todas las pol\u00edticas disponibles para ti dentro de los Servicios.<\/p>\n\n\n\n<p>No le d\u00e9 un uso indebido a nuestros Servicios. Por ejemplo, no interfiera con nuestros Servicios ni intente acceder a ellos utilizando un m\u00e9todo distinto a la interfaz y las instrucciones que proporcionamos. Puede utilizar nuestros Servicios solo seg\u00fan lo permitido por la ley, incluidas las leyes y regulaciones de control de exportaciones y reexportaciones aplicables. Podemos suspender o dejar de proporcionarle nuestros Servicios si no cumple con nuestros t\u00e9rminos o pol\u00edticas, o si estamos investigando una conducta indebida sospechada.<\/p>\n\n\n\n<p>El uso de nuestros Servicios no le otorga la propiedad de ning\u00fan derecho de propiedad intelectual sobre nuestros Servicios ni sobre el contenido al que accede. No puede utilizar contenido de nuestros Servicios a menos que obtenga permiso de su propietario o se lo permita la ley. Estos t\u00e9rminos no le otorgan el derecho a utilizar ninguna marca comercial o logotipo que se utilice en nuestros Servicios. No elimine, oculte ni altere ning\u00fan aviso legal que se muestre en nuestros Servicios o junto con ellos.<\/p>\n\n\n\n<h4 class=\"wp-block-heading\">Privacidad y protecci\u00f3n de derechos de autor<\/h4>\n\n\n\n<p>Las pol\u00edticas de privacidad de Cartzilla explican c\u00f3mo tratamos tus datos personales y protegemos tu privacidad cuando utilizas nuestros Servicios. Al usar nuestros Servicios, aceptas que Cartzilla puede utilizar dichos datos de acuerdo con nuestras pol\u00edticas de privacidad.<\/p>\n\n\n\n<p>Respondemos a notificaciones de presunta infracci\u00f3n de derechos de autor y suspendemos las cuentas de los infractores reincidentes de acuerdo con el proceso establecido en la Ley de Derechos de Autor Digital del Milenio de EE. UU.<\/p>\n\n\n\n<p>Proporcionamos informaci\u00f3n para ayudar a los titulares de derechos de autor a gestionar su propiedad intelectual en l\u00ednea. Si cree que alguien est\u00e1 infringiendo sus derechos de autor y desea notific\u00e1rnoslo, puede encontrar informaci\u00f3n sobre c\u00f3mo enviar avisos y la pol\u00edtica de Cartzilla sobre c\u00f3mo responder a los avisos en&nbsp;<a href=\"https:\/\/demo2.madrasthemes.com\/cartzilla\/help-center\/\">Nuestro Centro de ayuda<\/a>.<\/p>\n\n\n\n<h4 class=\"wp-block-heading\">Tu contenido en nuestros servicios<\/h4>\n\n\n\n<p>Algunos de nuestros Servicios te permiten cargar, enviar, almacenar, enviar o recibir contenido. Conservas la propiedad de cualquier derecho de propiedad intelectual que tengas sobre ese contenido. En resumen, lo que es tuyo, sigue siendo tuyo.<\/p>\n\n\n\n<p class=\"mb-5\">Cuando usted carga, presenta, almacena, env\u00eda o recibe contenido en nuestros Servicios o a trav\u00e9s de ellos, usted concede a Cartzilla (y a aquellos con los que trabajamos) una licencia mundial para utilizar, alojar, almacenar, reproducir, modificar, crear trabajos derivados (como los resultantes de traducciones, adaptaciones u otros cambios que hagamos para que su contenido funcione mejor con nuestros Servicios), comunicar, publicar, ejecutar p\u00fablicamente, mostrar p\u00fablicamente y distribuir dicho contenido. Los derechos que usted concede en esta licencia son para el prop\u00f3sito limitado de operar, promover y mejorar nuestros Servicios, y para desarrollar otros nuevos. Esta licencia contin\u00faa incluso si deja de utilizar nuestros Servicios (por ejemplo, para un listado de negocios que haya a\u00f1adido a Cartzilla Maps). Algunos Servicios pueden ofrecerle formas de acceder y eliminar el contenido que se ha proporcionado a ese Servicio. Asimismo, en algunos de nuestros Servicios, existen t\u00e9rminos o configuraciones que limitan el alcance de nuestro uso de los contenidos enviados en dichos Servicios. Aseg\u00farese de que dispone de los derechos necesarios para concedernos esta licencia para cualquier contenido que env\u00ede a nuestros Servicios.<\/p>","protected":false},"excerpt":{"rendered":"<p>Introduction Thanks for using our products and services (\u201cServices\u201d). The Services are provided by Madrasthemes. (\u201cCartzilla\u201d), located at 153 Williamson Plaza, Maggieberg, MT 09514, England, United Kingdom. By using our Services, you are agreeing to these terms. Please read them carefully. Our Services are very diverse, so sometimes additional terms or product requirements (including age [&#8230;]\n","protected":false},"author":2,"featured_media":0,"parent":0,"menu_order":0,"comment_status":"closed","ping_status":"open","template":"","meta":{"_acf_changed":false,"footnotes":""},"class_list":["post-1620","page","type-page","status-publish","hentry"],"acf":[],"_links":{"self":[{"href":"https:\/\/cargopirate.com\/es\/wp-json\/wp\/v2\/pages\/1620","targetHints":{"allow":["GET"]}}],"collection":[{"href":"https:\/\/cargopirate.com\/es\/wp-json\/wp\/v2\/pages"}],"about":[{"href":"https:\/\/cargopirate.com\/es\/wp-json\/wp\/v2\/types\/page"}],"author":[{"embeddable":true,"href":"https:\/\/cargopirate.com\/es\/wp-json\/wp\/v2\/users\/2"}],"replies":[{"embeddable":true,"href":"https:\/\/cargopirate.com\/es\/wp-json\/wp\/v2\/comments?post=1620"}],"version-history":[{"count":0,"href":"https:\/\/cargopirate.com\/es\/wp-json\/wp\/v2\/pages\/1620\/revisions"}],"wp:attachment":[{"href":"https:\/\/cargopirate.com\/es\/wp-json\/wp\/v2\/media?parent=1620"}],"curies":[{"name":"wp","href":"https:\/\/api.w.org\/{rel}","templated":true}]}}